{"id":731,"date":"2026-02-11T08:47:09","date_gmt":"2026-02-11T08:47:09","guid":{"rendered":"https:\/\/goldenprizeclub.co.uk\/affiliate-login\/"},"modified":"2026-02-12T13:01:23","modified_gmt":"2026-02-12T13:01:23","slug":"autentificare-afiliat","status":"publish","type":"page","link":"https:\/\/goldenprizeclub.co.uk\/ro\/autentificare-afiliat\/","title":{"rendered":"Autentificare afiliat"},"content":{"rendered":"<div class=\"wpb-content-wrapper\"><div class=\"vc_row wpb_row vc_row-fluid vc_custom_1770899318207\"><div class=\"wpb_column vc_column_container vc_col-sm-6\"><div class=\"vc_column-inner\"><div class=\"wpb_wrapper\">\n\t<div class=\"wpb_text_column wpb_content_element\" >\n\t\t<div class=\"wpb_wrapper\">\n\t\t\t<h2>Parteneriat cu o platform\u0103 de concuren\u021b\u0103 transparent\u0103<\/h2>\n<p>C\u00e2\u0219tiga\u021bi comision % prin promovarea concursurilor bazate pe abilit\u0103\u021bi din Regatul Unit cu premii reale \u0219i c\u00e2\u0219tig\u0103tori verifica\u021bi.<\/p>\n\n\t\t<\/div>\n\t<\/div>\n<\/div><\/div><\/div><div class=\"wpb_column vc_column_container vc_col-sm-6\"><div class=\"vc_column-inner\"><div class=\"wpb_wrapper\">\n\t<div class=\"wpb_text_column wpb_content_element\" >\n\t\t<div class=\"wpb_wrapper\">\n\t\t\t<h4>Aplica\u021bi pentru a deveni un afiliat<\/h4>\n<p data-start=\"1064\" data-end=\"1176\">Colabor\u0103m cu creatori, lideri de comunit\u0103\u021bi \u0219i marketeri care apreciaz\u0103 transparen\u021ba \u0219i cre\u0219terea pe termen lung. Dac\u0103 publicul t\u0103u are \u00eencredere \u00een tine, ne-ar pl\u0103cea s\u0103 lucr\u0103m cu tine.<\/p>\n\n\t\t<\/div>\n\t<\/div>\n<\/div><\/div><\/div><\/div><div class=\"vc_row wpb_row vc_row-fluid\"><div class=\"affiliate-login wpb_column vc_column_container vc_col-sm-6\"><div class=\"vc_column-inner\"><div class=\"wpb_wrapper\">\n\t<div class=\"wpb_text_column wpb_content_element\" >\n\t\t<div class=\"wpb_wrapper\">\n\t\t\t\n<form id=\"affwp-login-form-7247\" class=\"affwp-form affwp-login-form\" action=\"\" method=\"post\" data-trp-original-action=\"\">\n\t\n\t<fieldset>\n\t\t<legend>Intra in Cont<\/legend>\n\n\t\t\n\t\t<p>\n\t\t\t<label for=\"affwp-login-user-login\">Utilizator<\/label>\n\t\t\t<input id=\"affwp-login-user-login\" class=\"required\" type=\"text\" name=\"affwp_user_login\" title=\"Utilizator\" \/>\n\t\t<\/p>\n\n\t\t<p>\n\t\t\t<label for=\"affwp-login-user-pass\">Parola<\/label>\n\t\t\t<input id=\"affwp-login-user-pass\" class=\"password required\" type=\"password\" name=\"affwp_user_pass\" \/>\n\t\t<\/p>\n\n\t\t<p>\n\t\t\t<label class=\"affwp-user-remember\" for=\"affwp-user-remember\">\n\t\t\t\t<input id=\"affwp-user-remember\" type=\"checkbox\" name=\"affwp_user_remember\" value=\"1\" \/> Tine-ma minte\t\t\t<\/label>\n\t\t<\/p>\n\n\n\t\t<p>\n\t\t\t<input type=\"hidden\" name=\"affwp_redirect\" value=\"https:\/\/goldenprizeclub.co.uk\/ro\/autentificare-afiliat\/\"\/>\n\t\t\t<input type=\"hidden\" name=\"affwp_login_nonce\" value=\"6f5f61fe22\" \/>\n\t\t\t<input type=\"hidden\" name=\"affwp_action\" value=\"user_login\" \/>\n\n\t\t\t<input type=\"submit\" class=\"button\" value=\"Log In\" \/>\t\t<\/p>\n\n\t\t<p class=\"affwp-lost-password\">\n\t\t\t<a href=\"https:\/\/goldenprizeclub.co.uk\/ro\/contul-meu\/parola-pierduta\/\">Parola Pierduta?<\/a>\n\t\t<\/p>\n\n\t\t\t<\/fieldset>\n\n\t<input type=\"hidden\" name=\"trp-form-language\" value=\"ro\"\/><\/form>\n\n\n\t\t<\/div>\n\t<\/div>\n\n\t<div class=\"wpb_text_column wpb_content_element\" >\n\t\t<div class=\"wpb_wrapper\">\n\t\t\t<h3>De ce s\u0103 promova\u021bi cu noi?<\/h3>\n<p>- Formatul concursului bazat pe competen\u021be din Regatul Unit<br data-start=\"1345\" data-end=\"1348\" \/>- Ma\u0219in\u0103 premium \u0219i premii \u00een bani<br data-start=\"1375\" data-end=\"1378\" \/>- Proces transparent de selec\u021bie a c\u00e2\u0219tig\u0103torilor<br data-start=\"1416\" data-end=\"1419\" \/>- Comunitate \u00een cre\u0219tere \u0219i implicat\u0103<\/p>\n\n\t\t<\/div>\n\t<\/div>\n\n\t<div class=\"wpb_text_column wpb_content_element\" >\n\t\t<div class=\"wpb_wrapper\">\n\t\t\t<h3>Ce c\u00e2\u0219tigi<\/h3>\n<p>C\u00e2\u0219tiga\u021bi un comision pentru fiecare achizi\u021bie valabil\u0103 de bilete efectuat\u0103 prin intermediul linkului dvs. de recomandare. Urm\u0103rire transparent\u0103. Pl\u0103\u021bi fiabile. C\u00e2\u0219tiguri scalabile.<\/p>\n<ul>\n<li>Cu c\u00e2t promovezi mai mult, cu at\u00e2t c\u00e2\u0219tigi mai mult.<\/li>\n<li>Urm\u0103rire \u00een timp real a tabloului de bord al afilia\u021bilor.<\/li>\n<\/ul>\n<p>Aplica\u021biile sunt revizuite manual pentru a asigura alinierea m\u0103rcii \u0219i calitatea parteneriatului pe termen lung.<\/p>\n\n\t\t<\/div>\n\t<\/div>\n<\/div><\/div><\/div><div class=\"wpb_column vc_column_container vc_col-sm-6\"><div class=\"vc_column-inner\"><div class=\"wpb_wrapper\">\n\t<div class=\"wpb_text_column wpb_content_element\" >\n\t\t<div class=\"wpb_wrapper\">\n\t\t\t\n<form id=\"affwp-register-form-8059\" class=\"affwp-form affwp-register-form\" action=\"\" method=\"post\" data-trp-original-action=\"\">\n\t\n\t<fieldset>\n\t\t<legend>Inregistrare Cont Nou de Afiliat<\/legend>\n\n\t\t\n\t\t<p>\n\t\t\t<label for=\"affwp-user-name\">Nume<\/label>\n\t\t\t<input id=\"affwp-user-name\" type=\"text\" name=\"affwp_user_name\" value=\"\" title=\"Nume\"  required='required' \/>\n\t\t<\/p>\n\n\t\t<p>\n\t\t\t<label for=\"affwp-user-login\">Utilizator<\/label>\n\t\t\t<input id=\"affwp-user-login\" required=\"required\" type=\"text\" name=\"affwp_user_login\" maxlength=\"60\" value=\"\" title=\"Utilizator\" \/>\n\t\t<\/p>\n\n\t\t<p>\n\t\t\t<label for=\"affwp-user-email\">Email Cont<\/label>\n\t\t\t<input id=\"affwp-user-email\" required=\"required\" type=\"email\" name=\"affwp_user_email\" value=\"\" title=\"Adresa Email\" \/>\n\t\t<\/p>\n\n\t\t<p>\n\t\t\t<label for=\"affwp-payment-email\">Email Plati<\/label>\n\t\t\t<input id=\"affwp-payment-email\" type=\"email\" name=\"affwp_payment_email\" value=\"\" title=\"Adresa Email Plati\" required='required' \/>\n\t\t<\/p>\n\n\t\t<p>\n\t\t\t<label for=\"affwp-user-url\">Genereaza URL<\/label>\n\t\t\t<input id=\"affwp-user-url\" type=\"text\" name=\"affwp_user_url\" value=\"\" title=\"Genereaza URL\"  required='required' \/>\n\t\t<\/p>\n\n\t\t<p>\n\t\t\t<label for=\"affwp-promotion-method\">How will you promote us?<\/label>\n\t\t\t<textarea id=\"affwp-promotion-method\" name=\"affwp_promotion_method\" rows=\"5\" cols=\"30\" required='required'><\/textarea>\n\t\t<\/p>\n\n\t\t\n\t\t\t<p>\n\t\t\t\t<label for=\"affwp-user-pass\">Parola<\/label>\n\t\t\t\t<input id=\"affwp-user-pass\" required=\"required\" class=\"password\" type=\"password\" name=\"affwp_user_pass\" \/>\n\t\t\t<\/p>\n\n\t\t\t<p>\n\t\t\t\t<label for=\"affwp-user-pass2\">Confirma Parola<\/label>\n\t\t\t\t<input id=\"affwp-user-pass2\" required=\"required\" class=\"password\" type=\"password\" name=\"affwp_user_pass2\" \/>\n\t\t\t<\/p>\n\n\t\t\n\t\t\n\t\t\t\t\t\t\t<p>\n\t\t\t\t<label class=\"affwp-tos\" for=\"affwp-tos\">\n\t\t\t\t\t<input id=\"affwp-tos\" required=\"required\" type=\"checkbox\" name=\"affwp_tos\" \/>\n\t\t\t\t\t<a href=\"https:\/\/goldenprizeclub.co.uk\/ro\/terms-and-conditions\/\" target=\"_blank\">Accepta\u021bi Termenii de utilizare \u0219i Politica de confiden\u021bialitate<\/a>\n\t\t\t\t<\/label>\n\t\t\t<\/p>\n\t\t\n\t\t\n\t\t<p>\n\t\t\t<input type=\"hidden\" name=\"affwp_honeypot\" value=\"\" \/>\n\t\t\t<input type=\"hidden\" name=\"affwp_redirect\" value=\"https:\/\/goldenprizeclub.co.uk\/ro\/autentificare-afiliat\/\"\/>\n\t\t\t<input type=\"hidden\" name=\"affwp_register_nonce\" value=\"edd4a33ee6\" \/>\n\t\t\t<input type=\"hidden\" name=\"affwp_action\" value=\"affiliate_register\" \/>\n\n\t\t\t<input type=\"submit\" class=\"button\" value=\"Inregistrare\" \/>\t\t<\/p>\n\n\t\t\t<\/fieldset>\n\n\t<input type=\"hidden\" name=\"trp-form-language\" value=\"ro\"\/><\/form>\n\n\n\t\t<\/div>\n\t<\/div>\n<\/div><\/div><\/div><\/div><div class=\"vc_row wpb_row vc_row-fluid\"><div class=\"wpb_column vc_column_container vc_col-sm-6\"><div class=\"vc_column-inner\"><div class=\"wpb_wrapper\"><\/div><\/div><\/div><div class=\"wpb_column vc_column_container vc_col-sm-6\"><div class=\"vc_column-inner\"><div class=\"wpb_wrapper\"><\/div><\/div><\/div><\/div>\n<\/div>","protected":false},"excerpt":{"rendered":"Partner With a Transparent Competition Platform Earn commission % by promoting UK skill-based competitions with real prizes and verified winners. Apply to Become an Affiliate We collaborate with creators, community leaders and marketers who value transparency and long-term growth. If your audience trusts you, we\u2019d love to work with you. Intra in Cont Utilizator Parola [...]","protected":false},"author":1,"featured_media":0,"parent":0,"menu_order":0,"comment_status":"closed","ping_status":"closed","template":"","meta":{"footnotes":""},"class_list":["post-731","page","type-page","status-publish","hentry"],"blocksy_meta":[],"yoast_head":"<!-- This site is optimized with the Yoast SEO Premium plugin v27.2 (Yoast SEO v27.5) - https:\/\/yoast.com\/product\/yoast-seo-premium-wordpress\/ -->\n<title>Affiliate Login - Golden Prize Club<\/title>\n<meta name=\"robots\" content=\"index, follow, max-snippet:-1, max-image-preview:large, max-video-preview:-1\" \/>\n<link rel=\"canonical\" href=\"https:\/\/goldenprizeclub.co.uk\/ro\/autentificare-afiliat\/\" \/>\n<meta property=\"og:locale\" content=\"ro_RO\" \/>\n<meta property=\"og:type\" content=\"article\" \/>\n<meta property=\"og:title\" content=\"Affiliate Login\" \/>\n<meta property=\"og:url\" content=\"https:\/\/goldenprizeclub.co.uk\/ro\/autentificare-afiliat\/\" \/>\n<meta property=\"og:site_name\" content=\"Golden Prize Club\" \/>\n<meta property=\"article:publisher\" content=\"https:\/\/www.facebook.com\/goldenprizeclub\/\" \/>\n<meta property=\"article:modified_time\" content=\"2026-02-12T13:01:23+00:00\" \/>\n<meta name=\"twitter:card\" content=\"summary_large_image\" \/>\n<meta name=\"twitter:label1\" content=\"Timp estimat pentru citire\" \/>\n\t<meta name=\"twitter:data1\" content=\"1 minut\" \/>\n<script type=\"application\/ld+json\" class=\"yoast-schema-graph\">{\"@context\":\"https:\\\/\\\/schema.org\",\"@graph\":[{\"@type\":\"WebPage\",\"@id\":\"https:\\\/\\\/goldenprizeclub.co.uk\\\/affiliate-login\\\/\",\"url\":\"https:\\\/\\\/goldenprizeclub.co.uk\\\/affiliate-login\\\/\",\"name\":\"Affiliate Login - Golden Prize Club\",\"isPartOf\":{\"@id\":\"https:\\\/\\\/goldenprizeclub.co.uk\\\/#website\"},\"datePublished\":\"2026-02-11T08:47:09+00:00\",\"dateModified\":\"2026-02-12T13:01:23+00:00\",\"breadcrumb\":{\"@id\":\"https:\\\/\\\/goldenprizeclub.co.uk\\\/affiliate-login\\\/#breadcrumb\"},\"inLanguage\":\"ro-RO\",\"potentialAction\":[{\"@type\":\"ReadAction\",\"target\":[\"https:\\\/\\\/goldenprizeclub.co.uk\\\/affiliate-login\\\/\"]}]},{\"@type\":\"BreadcrumbList\",\"@id\":\"https:\\\/\\\/goldenprizeclub.co.uk\\\/affiliate-login\\\/#breadcrumb\",\"itemListElement\":[{\"@type\":\"ListItem\",\"position\":1,\"name\":\"Home\",\"item\":\"https:\\\/\\\/goldenprizeclub.co.uk\\\/\"},{\"@type\":\"ListItem\",\"position\":2,\"name\":\"Affiliate Login\"}]},{\"@type\":\"WebSite\",\"@id\":\"https:\\\/\\\/goldenprizeclub.co.uk\\\/#website\",\"url\":\"https:\\\/\\\/goldenprizeclub.co.uk\\\/\",\"name\":\"Golden Prize Club\",\"description\":\"\",\"potentialAction\":[{\"@type\":\"SearchAction\",\"target\":{\"@type\":\"EntryPoint\",\"urlTemplate\":\"https:\\\/\\\/goldenprizeclub.co.uk\\\/?s={search_term_string}\"},\"query-input\":{\"@type\":\"PropertyValueSpecification\",\"valueRequired\":true,\"valueName\":\"search_term_string\"}}],\"inLanguage\":\"ro-RO\"}]}<\/script>\n<!-- \/ Yoast SEO Premium plugin. -->","yoast_head_json":{"title":"Autentificare afiliat - Golden Prize Club","robots":{"index":"index","follow":"follow","max-snippet":"max-snippet:-1","max-image-preview":"max-image-preview:large","max-video-preview":"max-video-preview:-1"},"canonical":"https:\/\/goldenprizeclub.co.uk\/ro\/autentificare-afiliat\/","og_locale":"ro_RO","og_type":"article","og_title":"Affiliate Login","og_url":"https:\/\/goldenprizeclub.co.uk\/ro\/autentificare-afiliat\/","og_site_name":"Golden Prize Club","article_publisher":"https:\/\/www.facebook.com\/goldenprizeclub\/","article_modified_time":"2026-02-12T13:01:23+00:00","twitter_card":"summary_large_image","twitter_misc":{"Timp estimat pentru citire":"1 minut"},"schema":{"@context":"https:\/\/schema.org","@graph":[{"@type":"WebPage","@id":"https:\/\/goldenprizeclub.co.uk\/affiliate-login\/","url":"https:\/\/goldenprizeclub.co.uk\/affiliate-login\/","name":"Autentificare afiliat - Golden Prize Club","isPartOf":{"@id":"https:\/\/goldenprizeclub.co.uk\/#website"},"datePublished":"2026-02-11T08:47:09+00:00","dateModified":"2026-02-12T13:01:23+00:00","breadcrumb":{"@id":"https:\/\/goldenprizeclub.co.uk\/affiliate-login\/#breadcrumb"},"inLanguage":"ro-RO","potentialAction":[{"@type":"ReadAction","target":["https:\/\/goldenprizeclub.co.uk\/affiliate-login\/"]}]},{"@type":"BreadcrumbList","@id":"https:\/\/goldenprizeclub.co.uk\/affiliate-login\/#breadcrumb","itemListElement":[{"@type":"ListItem","position":1,"name":"Home","item":"https:\/\/goldenprizeclub.co.uk\/"},{"@type":"ListItem","position":2,"name":"Affiliate Login"}]},{"@type":"WebSite","@id":"https:\/\/goldenprizeclub.co.uk\/#website","url":"https:\/\/goldenprizeclub.co.uk\/","name":"Golden Prize Club","description":"","potentialAction":[{"@type":"SearchAction","target":{"@type":"EntryPoint","urlTemplate":"https:\/\/goldenprizeclub.co.uk\/?s={search_term_string}"},"query-input":{"@type":"PropertyValueSpecification","valueRequired":true,"valueName":"search_term_string"}}],"inLanguage":"ro-RO"}]}},"_links":{"self":[{"href":"https:\/\/goldenprizeclub.co.uk\/ro\/wp-json\/wp\/v2\/pages\/731","targetHints":{"allow":["GET"]}}],"collection":[{"href":"https:\/\/goldenprizeclub.co.uk\/ro\/wp-json\/wp\/v2\/pages"}],"about":[{"href":"https:\/\/goldenprizeclub.co.uk\/ro\/wp-json\/wp\/v2\/types\/page"}],"author":[{"embeddable":true,"href":"https:\/\/goldenprizeclub.co.uk\/ro\/wp-json\/wp\/v2\/users\/1"}],"replies":[{"embeddable":true,"href":"https:\/\/goldenprizeclub.co.uk\/ro\/wp-json\/wp\/v2\/comments?post=731"}],"version-history":[{"count":17,"href":"https:\/\/goldenprizeclub.co.uk\/ro\/wp-json\/wp\/v2\/pages\/731\/revisions"}],"predecessor-version":[{"id":761,"href":"https:\/\/goldenprizeclub.co.uk\/ro\/wp-json\/wp\/v2\/pages\/731\/revisions\/761"}],"wp:attachment":[{"href":"https:\/\/goldenprizeclub.co.uk\/ro\/wp-json\/wp\/v2\/media?parent=731"}],"curies":[{"name":"wp","href":"https:\/\/api.w.org\/{rel}","templated":true}]}}